{"id":2155,"date":"2023-04-06T19:16:58","date_gmt":"2023-04-06T17:16:58","guid":{"rendered":"https:\/\/umr-cbgp.fr\/?page_id=2155"},"modified":"2026-01-26T15:19:22","modified_gmt":"2026-01-26T14:19:22","slug":"centre-de-biologie-pour-la-gestion-des-populations","status":"publish","type":"page","link":"https:\/\/umr-cbgp.fr\/en\/","title":{"rendered":"Home"},"content":{"rendered":"\t\t<div data-elementor-type=\"wp-page\" data-elementor-id=\"2155\" class=\"elementor elementor-2155 elementor-111\" data-elementor-post-type=\"page\">\n\t\t\t\t\t\t<section data-dce-background-overlay-image-url=\"https:\/\/private-newround.net\/clients\/cbgp\/wp\/wp-content\/uploads\/2023\/04\/Sigle-CBGP.svg\" class=\"elementor-section elementor-top-section elementor-element elementor-element-2cc6578f elementor-section-boxed elementor-section-height-default elementor-section-height-default\" data-id=\"2cc6578f\" data-element_type=\"section\" data-e-type=\"section\">\n\t\t\t\t\t\t\t<div class=\"elementor-background-overlay\"><\/div>\n\t\t\t\t\t\t\t<div class=\"elementor-container elementor-column-gap-default\">\n\t\t\t\t\t<div class=\"elementor-column elementor-col-100 elementor-top-column elementor-element elementor-element-a52aed7\" data-id=\"a52aed7\" data-element_type=\"column\" data-e-type=\"column\">\n\t\t\t<div class=\"elementor-widget-wrap elementor-element-populated\">\n\t\t\t\t\t\t<section class=\"elementor-section elementor-inner-section elementor-element elementor-element-3763e5db elementor-section-boxed elementor-section-height-default elementor-section-height-default\" data-id=\"3763e5db\" data-element_type=\"section\" data-e-type=\"section\">\n\t\t\t\t\t\t<div class=\"elementor-container elementor-column-gap-default\">\n\t\t\t\t\t<div class=\"elementor-column elementor-col-50 elementor-inner-column elementor-element elementor-element-4bd4c1ac\" data-id=\"4bd4c1ac\" data-element_type=\"column\" data-e-type=\"column\">\n\t\t\t<div class=\"elementor-widget-wrap elementor-element-populated\">\n\t\t\t\t\t\t<div class=\"elementor-element elementor-element-1f075308 elementor-widget elementor-widget-image\" data-id=\"1f075308\" data-element_type=\"widget\" data-e-type=\"widget\" data-widget_type=\"image.default\">\n\t\t\t\t<div class=\"elementor-widget-container\">\n\t\t\t\t\t\t\t\t\t\t\t\t\t\t\t<img decoding=\"async\" width=\"98\" height=\"8\" src=\"https:\/\/umr-cbgp.fr\/wp-content\/uploads\/2023\/04\/bullets.svg\" class=\"attachment-large size-large wp-image-94\" alt=\"\" \/>\t\t\t\t\t\t\t\t\t\t\t\t\t\t\t<\/div>\n\t\t\t\t<\/div>\n\t\t\t\t<div class=\"elementor-element elementor-element-44906dc9 elementor-widget elementor-widget-heading\" data-id=\"44906dc9\" data-element_type=\"widget\" data-e-type=\"widget\" data-widget_type=\"heading.default\">\n\t\t\t\t<div class=\"elementor-widget-container\">\n\t\t\t\t\t<h1 class=\"elementor-heading-title elementor-size-default\">Le CBGP<\/h1>\t\t\t\t<\/div>\n\t\t\t\t<\/div>\n\t\t\t\t<div class=\"elementor-element elementor-element-156fd558 elementor-widget elementor-widget-text-editor\" data-id=\"156fd558\" data-element_type=\"widget\" data-e-type=\"widget\" data-widget_type=\"text-editor.default\">\n\t\t\t\t<div class=\"elementor-widget-container\">\n\t\t\t\t\t\t\t\t\t<p>Le <strong>Centre de Biologie pour la Gestion des Populations<\/strong>, a pour vocation de comprendre les m\u00e9canismes qui r\u00e9gissent l\u2019\u00e9volution de populations d&#8217;organismes importants pour l\u2019agronomie, les for\u00eats, la sant\u00e9 humaine ou la conservation de la biodiversit\u00e9.<\/p>\t\t\t\t\t\t\t\t<\/div>\n\t\t\t\t<\/div>\n\t\t\t\t<div data-dce-background-color=\"#FFFFFF\" class=\"elementor-element elementor-element-76850b5e elementor-widget elementor-widget-button\" data-id=\"76850b5e\" data-element_type=\"widget\" data-e-type=\"widget\" data-widget_type=\"button.default\">\n\t\t\t\t<div class=\"elementor-widget-container\">\n\t\t\t\t\t\t\t\t\t<div class=\"elementor-button-wrapper\">\n\t\t\t\t\t<a class=\"elementor-button elementor-button-link elementor-size-sm\" href=\"#\">\n\t\t\t\t\t\t<span class=\"elementor-button-content-wrapper\">\n\t\t\t\t\t\t\t\t\t<span class=\"elementor-button-text\">En savoir plus<\/span>\n\t\t\t\t\t<\/span>\n\t\t\t\t\t<\/a>\n\t\t\t\t<\/div>\n\t\t\t\t\t\t\t\t<\/div>\n\t\t\t\t<\/div>\n\t\t\t\t\t<\/div>\n\t\t<\/div>\n\t\t\t\t<div class=\"elementor-column elementor-col-50 elementor-inner-column elementor-element elementor-element-2c4f5ba5\" data-id=\"2c4f5ba5\" data-element_type=\"column\" data-e-type=\"column\">\n\t\t\t<div class=\"elementor-widget-wrap elementor-element-populated\">\n\t\t\t\t\t\t<div class=\"elementor-element elementor-element-414aaccb elementor-widget elementor-widget-image-carousel\" data-id=\"414aaccb\" data-element_type=\"widget\" data-e-type=\"widget\" data-settings=\"{&quot;slides_to_show&quot;:&quot;1&quot;,&quot;navigation&quot;:&quot;none&quot;,&quot;autoplay&quot;:&quot;yes&quot;,&quot;pause_on_hover&quot;:&quot;yes&quot;,&quot;pause_on_interaction&quot;:&quot;yes&quot;,&quot;autoplay_speed&quot;:5000,&quot;infinite&quot;:&quot;yes&quot;,&quot;effect&quot;:&quot;slide&quot;,&quot;speed&quot;:500}\" data-widget_type=\"image-carousel.default\">\n\t\t\t\t<div class=\"elementor-widget-container\">\n\t\t\t\t\t\t\t<div class=\"elementor-image-carousel-wrapper swiper\" role=\"region\" aria-roledescription=\"carousel\" aria-label=\"Image Carousel\" dir=\"ltr\">\n\t\t\t<div class=\"elementor-image-carousel swiper-wrapper\" aria-live=\"off\">\n\t\t\t\t\t\t\t\t<div class=\"swiper-slide\" role=\"group\" aria-roledescription=\"slide\" aria-label=\"1 of 2\"><figure class=\"swiper-slide-inner\"><img decoding=\"async\" class=\"swiper-slide-image\" src=\"https:\/\/umr-cbgp.fr\/wp-content\/uploads\/elementor\/thumbs\/P1030237_LEPTOSTETHUS_SP_Luderitz_Dec2018NA_mod_Julien_Haran-q4mg7segc68ceajhh4lmb6p9xt512a009jprwg1okg.jpg\" alt=\"Petite b\u00eate\" \/><\/figure><\/div><div class=\"swiper-slide\" role=\"group\" aria-roledescription=\"slide\" aria-label=\"2 of 2\"><figure class=\"swiper-slide-inner\"><img decoding=\"async\" class=\"swiper-slide-image\" src=\"https:\/\/umr-cbgp.fr\/wp-content\/uploads\/elementor\/thumbs\/P1030163_DERELOMUS_Umhlanga_8Oct2018RSA_Julien_Haran-q4mfvp76fvol2u3n2ehcqqiuweq32f0a9pnypbyylc.jpg\" alt=\"Insecte n\u00b0 1\" \/><\/figure><\/div>\t\t\t<\/div>\n\t\t\t\t\t\t\t\n\t\t\t\t\t\t\t\t\t<\/div>\n\t\t\t\t\t\t<\/div>\n\t\t\t\t<\/div>\n\t\t\t\t\t<\/div>\n\t\t<\/div>\n\t\t\t\t\t<\/div>\n\t\t<\/section>\n\t\t\t\t<section class=\"elementor-section elementor-inner-section elementor-element elementor-element-24e47ed8 elementor-section-boxed elementor-section-height-default elementor-section-height-default\" data-id=\"24e47ed8\" data-element_type=\"section\" data-e-type=\"section\">\n\t\t\t\t\t\t<div class=\"elementor-container elementor-column-gap-default\">\n\t\t\t\t\t<div class=\"elementor-column elementor-col-100 elementor-inner-column elementor-element elementor-element-1b9dabf1\" data-id=\"1b9dabf1\" data-element_type=\"column\" data-e-type=\"column\">\n\t\t\t<div class=\"elementor-widget-wrap elementor-element-populated\">\n\t\t\t\t\t\t<div class=\"elementor-element elementor-element-5c114c99 elementor-widget elementor-widget-heading\" data-id=\"5c114c99\" data-element_type=\"widget\" data-e-type=\"widget\" data-widget_type=\"heading.default\">\n\t\t\t\t<div class=\"elementor-widget-container\">\n\t\t\t\t\t<h2 class=\"elementor-heading-title elementor-size-default\">Un Centre de recherche, 3 axes th\u00e9matiques, 4 plateaux techniques<\/h2>\t\t\t\t<\/div>\n\t\t\t\t<\/div>\n\t\t\t\t<div class=\"elementor-element elementor-element-56889751 elementor-widget elementor-widget-text-editor\" data-id=\"56889751\" data-element_type=\"widget\" data-e-type=\"widget\" data-widget_type=\"text-editor.default\">\n\t\t\t\t<div class=\"elementor-widget-container\">\n\t\t\t\t\t\t\t\t\tLe CBGP conduit une recherche de type acad\u00e9mique tout en faisant en sorte que les r\u00e9sultats de ses programmes de recherche puissent d\u00e9boucher sur l\u2019\u00e9laboration de sc\u00e9narios ou d\u2019outils d\u2019aide \u00e0 la d\u00e9cision pour la gestion des bioagresseurs ou la pr\u00e9servation d\u2019esp\u00e8ces menac\u00e9es.\t\t\t\t\t\t\t\t<\/div>\n\t\t\t\t<\/div>\n\t\t\t\t\t<\/div>\n\t\t<\/div>\n\t\t\t\t\t<\/div>\n\t\t<\/section>\n\t\t\t\t<section class=\"elementor-section elementor-inner-section elementor-element elementor-element-72e6f7eb elementor-section-boxed elementor-section-height-default elementor-section-height-default\" data-id=\"72e6f7eb\" data-element_type=\"section\" data-e-type=\"section\">\n\t\t\t\t\t\t<div class=\"elementor-container elementor-column-gap-default\">\n\t\t\t\t\t<div data-dce-background-hover-color=\"#029BBC1A\" class=\"elementor-column elementor-col-33 elementor-inner-column elementor-element elementor-element-10bfcd6c\" data-id=\"10bfcd6c\" data-element_type=\"column\" data-e-type=\"column\">\n\t\t\t<div class=\"elementor-widget-wrap elementor-element-populated\">\n\t\t\t\t\t\t<div class=\"elementor-element elementor-element-56bd35bd elementor-widget elementor-widget-image\" data-id=\"56bd35bd\" data-element_type=\"widget\" data-e-type=\"widget\" data-widget_type=\"image.default\">\n\t\t\t\t<div class=\"elementor-widget-container\">\n\t\t\t\t\t\t\t\t\t\t\t\t\t\t\t<img decoding=\"async\" width=\"80\" height=\"80\" src=\"https:\/\/umr-cbgp.fr\/wp-content\/uploads\/2023\/04\/icon-axes.svg\" class=\"attachment-large size-large wp-image-100\" alt=\"\" \/>\t\t\t\t\t\t\t\t\t\t\t\t\t\t\t<\/div>\n\t\t\t\t<\/div>\n\t\t\t\t<div class=\"elementor-element elementor-element-6d2a674b elementor-widget elementor-widget-heading\" data-id=\"6d2a674b\" data-element_type=\"widget\" data-e-type=\"widget\" data-widget_type=\"heading.default\">\n\t\t\t\t<div class=\"elementor-widget-container\">\n\t\t\t\t\t<h2 class=\"elementor-heading-title elementor-size-default\">Les axes th\u00e9matiques\u200b<\/h2>\t\t\t\t<\/div>\n\t\t\t\t<\/div>\n\t\t\t\t<div class=\"elementor-element elementor-element-2365de72 elementor-widget elementor-widget-text-editor\" data-id=\"2365de72\" data-element_type=\"widget\" data-e-type=\"widget\" data-widget_type=\"text-editor.default\">\n\t\t\t\t<div class=\"elementor-widget-container\">\n\t\t\t\t\t\t\t\t\t<p>Lorem ipsum dolor sit amet, consectetur adipiscing elit. Ut elit tellus, luctus nec ullamcorper mattis, pulvinar dapibus leo.<\/p>\t\t\t\t\t\t\t\t<\/div>\n\t\t\t\t<\/div>\n\t\t\t\t\t<\/div>\n\t\t<\/div>\n\t\t\t\t<div data-dce-background-hover-color=\"#029BBC1A\" class=\"elementor-column elementor-col-33 elementor-inner-column elementor-element elementor-element-33ea1f82\" data-id=\"33ea1f82\" data-element_type=\"column\" data-e-type=\"column\">\n\t\t\t<div class=\"elementor-widget-wrap elementor-element-populated\">\n\t\t\t\t\t\t<div class=\"elementor-element elementor-element-24ab70ba elementor-widget elementor-widget-image\" data-id=\"24ab70ba\" data-element_type=\"widget\" data-e-type=\"widget\" data-widget_type=\"image.default\">\n\t\t\t\t<div class=\"elementor-widget-container\">\n\t\t\t\t\t\t\t\t\t\t\t\t\t\t\t<img decoding=\"async\" width=\"80\" height=\"80\" src=\"https:\/\/umr-cbgp.fr\/wp-content\/uploads\/2023\/04\/icon-axes.svg\" class=\"attachment-large size-large wp-image-100\" alt=\"\" \/>\t\t\t\t\t\t\t\t\t\t\t\t\t\t\t<\/div>\n\t\t\t\t<\/div>\n\t\t\t\t<div class=\"elementor-element elementor-element-190df614 elementor-widget elementor-widget-heading\" data-id=\"190df614\" data-element_type=\"widget\" data-e-type=\"widget\" data-widget_type=\"heading.default\">\n\t\t\t\t<div class=\"elementor-widget-container\">\n\t\t\t\t\t<h2 class=\"elementor-heading-title elementor-size-default\">Les axes th\u00e9matiques\u200b<\/h2>\t\t\t\t<\/div>\n\t\t\t\t<\/div>\n\t\t\t\t<div class=\"elementor-element elementor-element-1779c774 elementor-widget elementor-widget-text-editor\" data-id=\"1779c774\" data-element_type=\"widget\" data-e-type=\"widget\" data-widget_type=\"text-editor.default\">\n\t\t\t\t<div class=\"elementor-widget-container\">\n\t\t\t\t\t\t\t\t\t<p>Lorem ipsum dolor sit amet, consectetur adipiscing elit. Ut elit tellus, luctus nec ullamcorper mattis, pulvinar dapibus leo.<\/p>\t\t\t\t\t\t\t\t<\/div>\n\t\t\t\t<\/div>\n\t\t\t\t\t<\/div>\n\t\t<\/div>\n\t\t\t\t<div data-dce-background-hover-color=\"#029BBC1A\" class=\"elementor-column elementor-col-33 elementor-inner-column elementor-element elementor-element-1546ca1\" data-id=\"1546ca1\" data-element_type=\"column\" data-e-type=\"column\">\n\t\t\t<div class=\"elementor-widget-wrap elementor-element-populated\">\n\t\t\t\t\t\t<div class=\"elementor-element elementor-element-2dc5d7ba elementor-widget elementor-widget-image\" data-id=\"2dc5d7ba\" data-element_type=\"widget\" data-e-type=\"widget\" data-widget_type=\"image.default\">\n\t\t\t\t<div class=\"elementor-widget-container\">\n\t\t\t\t\t\t\t\t\t\t\t\t\t\t\t<img decoding=\"async\" width=\"80\" height=\"80\" src=\"https:\/\/umr-cbgp.fr\/wp-content\/uploads\/2023\/04\/icon-axes.svg\" class=\"attachment-large size-large wp-image-100\" alt=\"\" \/>\t\t\t\t\t\t\t\t\t\t\t\t\t\t\t<\/div>\n\t\t\t\t<\/div>\n\t\t\t\t<div class=\"elementor-element elementor-element-2078f056 elementor-widget elementor-widget-heading\" data-id=\"2078f056\" data-element_type=\"widget\" data-e-type=\"widget\" data-widget_type=\"heading.default\">\n\t\t\t\t<div class=\"elementor-widget-container\">\n\t\t\t\t\t<h2 class=\"elementor-heading-title elementor-size-default\">Les axes th\u00e9matiques\u200b<\/h2>\t\t\t\t<\/div>\n\t\t\t\t<\/div>\n\t\t\t\t<div class=\"elementor-element elementor-element-6da3153f elementor-widget elementor-widget-text-editor\" data-id=\"6da3153f\" data-element_type=\"widget\" data-e-type=\"widget\" data-widget_type=\"text-editor.default\">\n\t\t\t\t<div class=\"elementor-widget-container\">\n\t\t\t\t\t\t\t\t\t<p>Lorem ipsum dolor sit amet, consectetur adipiscing elit. Ut elit tellus, luctus nec ullamcorper mattis, pulvinar dapibus leo.<\/p>\t\t\t\t\t\t\t\t<\/div>\n\t\t\t\t<\/div>\n\t\t\t\t\t<\/div>\n\t\t<\/div>\n\t\t\t\t\t<\/div>\n\t\t<\/section>\n\t\t\t\t\t<\/div>\n\t\t<\/div>\n\t\t\t\t\t<\/div>\n\t\t<\/section>\n\t\t\t\t<\/div>\n\t\t","protected":false},"excerpt":{"rendered":"<p>Le CBGP Le Centre de Biologie pour la Gestion des Populations, a pour vocation de comprendre les m\u00e9canismes qui r\u00e9gissent l\u2019\u00e9volution de populations d&#8217;organismes importants pour l\u2019agronomie, les for\u00eats, la sant\u00e9 humaine ou la conservation de la biodiversit\u00e9. En savoir plus Un Centre de recherche, 3 axes th\u00e9matiques, 4 plateaux techniques Le CBGP conduit une [&hellip;]<\/p>\n","protected":false},"author":5,"featured_media":0,"parent":0,"menu_order":0,"comment_status":"closed","ping_status":"closed","template":"","meta":{"_acf_changed":false,"footnotes":""},"class_list":["post-2155","page","type-page","status-publish","hentry"],"acf":[],"yoast_head":"<!-- This site is optimized with the Yoast SEO plugin v27.1.1 - https:\/\/yoast.com\/product\/yoast-seo-wordpress\/ -->\n<title>CBGP Montpellier<\/title>\n<meta name=\"description\" content=\"Le Centre de Biologie pour la Gestion des Populations \u00e9tudie les m\u00e9canismes qui r\u00e9gissent l\u2019\u00e9volution de populations d\u2019organismes importants pour l\u2019agronomie, les for\u00eats, la sant\u00e9 humaine ou la conservation de la biodiversit\u00e9.\" \/>\n<meta name=\"robots\" content=\"index, follow, max-snippet:-1, max-image-preview:large, max-video-preview:-1, noarchive\" \/>\n<link rel=\"canonical\" href=\"https:\/\/umr-cbgp.fr\/en\/\" \/>\n<meta property=\"og:locale\" content=\"en_US\" \/>\n<meta property=\"og:type\" content=\"article\" \/>\n<meta property=\"og:title\" content=\"CBGP Montpellier\" \/>\n<meta property=\"og:description\" content=\"Le Centre de Biologie pour la Gestion des Populations \u00e9tudie les m\u00e9canismes qui r\u00e9gissent l\u2019\u00e9volution de populations d\u2019organismes importants pour l\u2019agronomie, les for\u00eats, la sant\u00e9 humaine ou la conservation de la biodiversit\u00e9.\" \/>\n<meta property=\"og:url\" content=\"https:\/\/umr-cbgp.fr\/en\/\" \/>\n<meta property=\"og:site_name\" content=\"cbgp\" \/>\n<meta property=\"article:modified_time\" content=\"2026-01-26T14:19:22+00:00\" \/>\n<meta property=\"og:image\" content=\"https:\/\/umr-cbgp.fr\/wp-content\/uploads\/2023\/04\/bullets.svg\" \/>\n<meta name=\"twitter:card\" content=\"summary_large_image\" \/>\n<meta name=\"twitter:label1\" content=\"Est. reading time\" \/>\n\t<meta name=\"twitter:data1\" content=\"3 minutes\" \/>\n<script type=\"application\/ld+json\" class=\"yoast-schema-graph\">{\"@context\":\"https:\/\/schema.org\",\"@graph\":[{\"@type\":\"WebPage\",\"@id\":\"https:\/\/umr-cbgp.fr\/en\/\",\"url\":\"https:\/\/umr-cbgp.fr\/en\/\",\"name\":\"CBGP Montpellier\",\"isPartOf\":{\"@id\":\"https:\/\/umr-cbgp.fr\/en\/#website\"},\"primaryImageOfPage\":{\"@id\":\"https:\/\/umr-cbgp.fr\/en\/#primaryimage\"},\"image\":{\"@id\":\"https:\/\/umr-cbgp.fr\/en\/#primaryimage\"},\"thumbnailUrl\":\"https:\/\/umr-cbgp.fr\/wp-content\/uploads\/2023\/04\/bullets.svg\",\"datePublished\":\"2023-04-06T17:16:58+00:00\",\"dateModified\":\"2026-01-26T14:19:22+00:00\",\"description\":\"Le Centre de Biologie pour la Gestion des Populations \u00e9tudie les m\u00e9canismes qui r\u00e9gissent l\u2019\u00e9volution de populations d\u2019organismes importants pour l\u2019agronomie, les for\u00eats, la sant\u00e9 humaine ou la conservation de la biodiversit\u00e9.\",\"breadcrumb\":{\"@id\":\"https:\/\/umr-cbgp.fr\/en\/#breadcrumb\"},\"inLanguage\":\"en-US\",\"potentialAction\":[{\"@type\":\"ReadAction\",\"target\":[\"https:\/\/umr-cbgp.fr\/en\/\"]}]},{\"@type\":\"ImageObject\",\"inLanguage\":\"en-US\",\"@id\":\"https:\/\/umr-cbgp.fr\/en\/#primaryimage\",\"url\":\"https:\/\/umr-cbgp.fr\/wp-content\/uploads\/2023\/04\/bullets.svg\",\"contentUrl\":\"https:\/\/umr-cbgp.fr\/wp-content\/uploads\/2023\/04\/bullets.svg\"},{\"@type\":\"BreadcrumbList\",\"@id\":\"https:\/\/umr-cbgp.fr\/en\/#breadcrumb\",\"itemListElement\":[{\"@type\":\"ListItem\",\"position\":1,\"name\":\"Accueil\",\"item\":\"https:\/\/umr-cbgp.fr\/en\/centre-de-biologie-pour-la-gestion-des-populations\/\"},{\"@type\":\"ListItem\",\"position\":2,\"name\":\"Home\"}]},{\"@type\":\"WebSite\",\"@id\":\"https:\/\/umr-cbgp.fr\/en\/#website\",\"url\":\"https:\/\/umr-cbgp.fr\/en\/\",\"name\":\"cbgp\",\"description\":\"Centre de Biologie pour la Gestion des Populations\",\"publisher\":{\"@id\":\"https:\/\/umr-cbgp.fr\/en\/#organization\"},\"potentialAction\":[{\"@type\":\"SearchAction\",\"target\":{\"@type\":\"EntryPoint\",\"urlTemplate\":\"https:\/\/umr-cbgp.fr\/en\/?s={search_term_string}\"},\"query-input\":{\"@type\":\"PropertyValueSpecification\",\"valueRequired\":true,\"valueName\":\"search_term_string\"}}],\"inLanguage\":\"en-US\"},{\"@type\":\"Organization\",\"@id\":\"https:\/\/umr-cbgp.fr\/en\/#organization\",\"name\":\"cbgp\",\"url\":\"https:\/\/umr-cbgp.fr\/en\/\",\"logo\":{\"@type\":\"ImageObject\",\"inLanguage\":\"en-US\",\"@id\":\"https:\/\/umr-cbgp.fr\/en\/#\/schema\/logo\/image\/\",\"url\":\"https:\/\/umr-cbgp.fr\/wp-content\/uploads\/2023\/04\/Logo-CBGP-baseline-FR.svg\",\"contentUrl\":\"https:\/\/umr-cbgp.fr\/wp-content\/uploads\/2023\/04\/Logo-CBGP-baseline-FR.svg\",\"width\":320,\"height\":82,\"caption\":\"cbgp\"},\"image\":{\"@id\":\"https:\/\/umr-cbgp.fr\/en\/#\/schema\/logo\/image\/\"}}]}<\/script>\n<!-- \/ Yoast SEO plugin. -->","yoast_head_json":{"title":"CBGP Montpellier","description":"Le Centre de Biologie pour la Gestion des Populations \u00e9tudie les m\u00e9canismes qui r\u00e9gissent l\u2019\u00e9volution de populations d\u2019organismes importants pour l\u2019agronomie, les for\u00eats, la sant\u00e9 humaine ou la conservation de la biodiversit\u00e9.","robots":{"index":"index","follow":"follow","max-snippet":"max-snippet:-1","max-image-preview":"max-image-preview:large","max-video-preview":"max-video-preview:-1","archive":"noarchive"},"canonical":"https:\/\/umr-cbgp.fr\/en\/","og_locale":"en_US","og_type":"article","og_title":"CBGP Montpellier","og_description":"Le Centre de Biologie pour la Gestion des Populations \u00e9tudie les m\u00e9canismes qui r\u00e9gissent l\u2019\u00e9volution de populations d\u2019organismes importants pour l\u2019agronomie, les for\u00eats, la sant\u00e9 humaine ou la conservation de la biodiversit\u00e9.","og_url":"https:\/\/umr-cbgp.fr\/en\/","og_site_name":"cbgp","article_modified_time":"2026-01-26T14:19:22+00:00","og_image":[{"url":"https:\/\/umr-cbgp.fr\/wp-content\/uploads\/2023\/04\/bullets.svg","type":"","width":"","height":""}],"twitter_card":"summary_large_image","twitter_misc":{"Est. reading time":"3 minutes"},"schema":{"@context":"https:\/\/schema.org","@graph":[{"@type":"WebPage","@id":"https:\/\/umr-cbgp.fr\/en\/","url":"https:\/\/umr-cbgp.fr\/en\/","name":"CBGP Montpellier","isPartOf":{"@id":"https:\/\/umr-cbgp.fr\/en\/#website"},"primaryImageOfPage":{"@id":"https:\/\/umr-cbgp.fr\/en\/#primaryimage"},"image":{"@id":"https:\/\/umr-cbgp.fr\/en\/#primaryimage"},"thumbnailUrl":"https:\/\/umr-cbgp.fr\/wp-content\/uploads\/2023\/04\/bullets.svg","datePublished":"2023-04-06T17:16:58+00:00","dateModified":"2026-01-26T14:19:22+00:00","description":"Le Centre de Biologie pour la Gestion des Populations \u00e9tudie les m\u00e9canismes qui r\u00e9gissent l\u2019\u00e9volution de populations d\u2019organismes importants pour l\u2019agronomie, les for\u00eats, la sant\u00e9 humaine ou la conservation de la biodiversit\u00e9.","breadcrumb":{"@id":"https:\/\/umr-cbgp.fr\/en\/#breadcrumb"},"inLanguage":"en-US","potentialAction":[{"@type":"ReadAction","target":["https:\/\/umr-cbgp.fr\/en\/"]}]},{"@type":"ImageObject","inLanguage":"en-US","@id":"https:\/\/umr-cbgp.fr\/en\/#primaryimage","url":"https:\/\/umr-cbgp.fr\/wp-content\/uploads\/2023\/04\/bullets.svg","contentUrl":"https:\/\/umr-cbgp.fr\/wp-content\/uploads\/2023\/04\/bullets.svg"},{"@type":"BreadcrumbList","@id":"https:\/\/umr-cbgp.fr\/en\/#breadcrumb","itemListElement":[{"@type":"ListItem","position":1,"name":"Accueil","item":"https:\/\/umr-cbgp.fr\/en\/centre-de-biologie-pour-la-gestion-des-populations\/"},{"@type":"ListItem","position":2,"name":"Home"}]},{"@type":"WebSite","@id":"https:\/\/umr-cbgp.fr\/en\/#website","url":"https:\/\/umr-cbgp.fr\/en\/","name":"cbgp","description":"Centre de Biologie pour la Gestion des Populations","publisher":{"@id":"https:\/\/umr-cbgp.fr\/en\/#organization"},"potentialAction":[{"@type":"SearchAction","target":{"@type":"EntryPoint","urlTemplate":"https:\/\/umr-cbgp.fr\/en\/?s={search_term_string}"},"query-input":{"@type":"PropertyValueSpecification","valueRequired":true,"valueName":"search_term_string"}}],"inLanguage":"en-US"},{"@type":"Organization","@id":"https:\/\/umr-cbgp.fr\/en\/#organization","name":"cbgp","url":"https:\/\/umr-cbgp.fr\/en\/","logo":{"@type":"ImageObject","inLanguage":"en-US","@id":"https:\/\/umr-cbgp.fr\/en\/#\/schema\/logo\/image\/","url":"https:\/\/umr-cbgp.fr\/wp-content\/uploads\/2023\/04\/Logo-CBGP-baseline-FR.svg","contentUrl":"https:\/\/umr-cbgp.fr\/wp-content\/uploads\/2023\/04\/Logo-CBGP-baseline-FR.svg","width":320,"height":82,"caption":"cbgp"},"image":{"@id":"https:\/\/umr-cbgp.fr\/en\/#\/schema\/logo\/image\/"}}]}},"_links":{"self":[{"href":"https:\/\/umr-cbgp.fr\/en\/wp-json\/wp\/v2\/pages\/2155","targetHints":{"allow":["GET"]}}],"collection":[{"href":"https:\/\/umr-cbgp.fr\/en\/wp-json\/wp\/v2\/pages"}],"about":[{"href":"https:\/\/umr-cbgp.fr\/en\/wp-json\/wp\/v2\/types\/page"}],"author":[{"embeddable":true,"href":"https:\/\/umr-cbgp.fr\/en\/wp-json\/wp\/v2\/users\/5"}],"replies":[{"embeddable":true,"href":"https:\/\/umr-cbgp.fr\/en\/wp-json\/wp\/v2\/comments?post=2155"}],"version-history":[{"count":16,"href":"https:\/\/umr-cbgp.fr\/en\/wp-json\/wp\/v2\/pages\/2155\/revisions"}],"predecessor-version":[{"id":7458,"href":"https:\/\/umr-cbgp.fr\/en\/wp-json\/wp\/v2\/pages\/2155\/revisions\/7458"}],"wp:attachment":[{"href":"https:\/\/umr-cbgp.fr\/en\/wp-json\/wp\/v2\/media?parent=2155"}],"curies":[{"name":"wp","href":"https:\/\/api.w.org\/{rel}","templated":true}]}}