{"id":5963,"date":"2023-06-08T17:35:30","date_gmt":"2023-06-08T15:35:30","guid":{"rendered":"https:\/\/umr-cbgp.fr\/developpement-durable\/"},"modified":"2024-10-11T16:54:27","modified_gmt":"2024-10-11T14:54:27","slug":"sustainable-development","status":"publish","type":"page","link":"https:\/\/umr-cbgp.fr\/en\/sustainable-development\/","title":{"rendered":"Sustainable development"},"content":{"rendered":"\t\t<div data-elementor-type=\"wp-page\" data-elementor-id=\"5963\" class=\"elementor elementor-5963 elementor-1845\" data-elementor-post-type=\"page\">\n\t\t\t\t\t\t<section class=\"elementor-section elementor-top-section elementor-element elementor-element-4781993 elementor-section-boxed elementor-section-height-default elementor-section-height-default\" data-id=\"4781993\" data-element_type=\"section\" data-e-type=\"section\">\n\t\t\t\t\t\t<div class=\"elementor-container elementor-column-gap-default\">\n\t\t\t\t\t<div class=\"elementor-column elementor-col-100 elementor-top-column elementor-element elementor-element-e79c75f\" data-id=\"e79c75f\" data-element_type=\"column\" data-e-type=\"column\">\n\t\t\t<div class=\"elementor-widget-wrap elementor-element-populated\">\n\t\t\t\t\t\t<section class=\"elementor-section elementor-inner-section elementor-element elementor-element-9ef2d67 elementor-section-boxed elementor-section-height-default elementor-section-height-default\" data-id=\"9ef2d67\" data-element_type=\"section\" data-e-type=\"section\">\n\t\t\t\t\t\t<div class=\"elementor-container elementor-column-gap-default\">\n\t\t\t\t\t<div class=\"elementor-column elementor-col-100 elementor-inner-column elementor-element elementor-element-4c8fb46\" data-id=\"4c8fb46\" data-element_type=\"column\" data-e-type=\"column\">\n\t\t\t<div class=\"elementor-widget-wrap elementor-element-populated\">\n\t\t\t\t\t\t<div class=\"elementor-element elementor-element-81f272a animated-fast elementor-invisible elementor-widget elementor-widget-image\" data-id=\"81f272a\" data-element_type=\"widget\" data-e-type=\"widget\" data-settings=\"{&quot;_animation&quot;:&quot;fadeInDown&quot;}\" data-widget_type=\"image.default\">\n\t\t\t\t<div class=\"elementor-widget-container\">\n\t\t\t\t\t\t\t\t\t\t\t\t\t\t\t<img decoding=\"async\" width=\"98\" height=\"8\" src=\"https:\/\/umr-cbgp.fr\/wp-content\/uploads\/2023\/04\/bullets.svg\" class=\"attachment-large size-large wp-image-94\" alt=\"\" \/>\t\t\t\t\t\t\t\t\t\t\t\t\t\t\t<\/div>\n\t\t\t\t<\/div>\n\t\t\t\t<div class=\"elementor-element elementor-element-f1c8e87 elementor-widget elementor-widget-heading\" data-id=\"f1c8e87\" data-element_type=\"widget\" data-e-type=\"widget\" data-widget_type=\"heading.default\">\n\t\t\t\t<div class=\"elementor-widget-container\">\n\t\t\t\t\t<h1 class=\"elementor-heading-title elementor-size-default\">Sustainable development<\/h1>\t\t\t\t<\/div>\n\t\t\t\t<\/div>\n\t\t\t\t<div class=\"elementor-element elementor-element-b93c319 elementor-widget elementor-widget-text-editor\" data-id=\"b93c319\" data-element_type=\"widget\" data-e-type=\"widget\" data-widget_type=\"text-editor.default\">\n\t\t\t\t<div class=\"elementor-widget-container\">\n\t\t\t\t\t\t\t\t\t<p style=\"text-align: justify\">A Sustainable Development collective was set up in early 2022 at CBGP, bringing together around thirty employees.<\/p>\n\t\t\t\t\t\t\t\t<\/div>\n\t\t\t\t<\/div>\n\t\t\t\t\t<\/div>\n\t\t<\/div>\n\t\t\t\t\t<\/div>\n\t\t<\/section>\n\t\t\t\t<section class=\"elementor-section elementor-inner-section elementor-element elementor-element-c793cf1 elementor-section-boxed elementor-section-height-default elementor-section-height-default\" data-id=\"c793cf1\" data-element_type=\"section\" data-e-type=\"section\">\n\t\t\t\t\t\t<div class=\"elementor-container elementor-column-gap-default\">\n\t\t\t\t\t<div class=\"elementor-column elementor-col-50 elementor-inner-column elementor-element elementor-element-c4a9237\" data-id=\"c4a9237\" data-element_type=\"column\" data-e-type=\"column\">\n\t\t\t<div class=\"elementor-widget-wrap elementor-element-populated\">\n\t\t\t\t\t\t<div class=\"elementor-element elementor-element-1b7da83 elementor-widget elementor-widget-text-editor\" data-id=\"1b7da83\" data-element_type=\"widget\" data-e-type=\"widget\" data-widget_type=\"text-editor.default\">\n\t\t\t\t<div class=\"elementor-widget-container\">\n\t\t\t\t\t\t\t\t\t<p style=\"text-align: justify\">Based on INRAE&#8217;s CSR guidelines and ideas put forward by staff and the unit&#8217;s management, we have defined a set of projects and actions to be carried out in the coming years at CBGP, concerning biodiversity, energy consumption and greenhouse gas emissions, mobility, purchasing, waste, water and digital technology, through our individual practices but also through our research practices.<\/p>\n<p style=\"text-align: justify\">With the growing awareness of ecological issues, biodiversity research is taking on an important political dimension. We believe that the credibility of our scientific positions in this debate can only be strengthened by our efforts to adopt more ecologically responsible practices.<\/p>\n<p style=\"text-align: justify\">A number of actions have been taken and\/or are still underway, including:<\/p>\n<ul style=\"text-align: justify\">\n<li style=\"text-align: justify\">introduction of a green charter (in progress);<\/li>\n<li style=\"text-align: justify\">regular awareness-raising campaigns (Green Minutes before seminars, GMs, etc.);<\/li>\n<li style=\"text-align: justify\">assessment of greenhouse gas emissions with the Labos1.5 collective and proposals for reducing the our carbon impact;<\/li>\n<li style=\"text-align: justify\">development of the site to encourage biodiversity;<\/li>\n<li style=\"text-align: justify\">recycling of plastics from 3D printing;<\/li>\n<li style=\"text-align: justify\">improved waste recycling, particularly of all green waste;<\/li>\n<li style=\"text-align: justify\">re-buffering of offices and common areas; optimisation of heating and air conditioning;<\/li>\n<li style=\"text-align: justify\">project to install photovoltaic panels.<\/li>\n<\/ul>\n<p>&nbsp;<\/p>\n<p style=\"text-align: justify\">The implementation of certain projects benefits from the financial support of the national and local Corporate Social Responsibility Departments of INRAE, and the <em>R\u00e9gion Occitanie<\/em>.<\/p>\n<div class=\"bloc-bordures-grises\" style=\"text-align: justify\">SD\/CSR Coordinator for CBGP: <a href=\"https:\/\/umr-cbgp.fr\/member\/leblois\/\" rel=\"noopener\">Raphael LEBLOIS<\/a><\/div>\n<p style=\"text-align: justify\">\n\t\t\t\t\t\t\t\t<\/div>\n\t\t\t\t<\/div>\n\t\t\t\t\t<\/div>\n\t\t<\/div>\n\t\t\t\t<div class=\"elementor-column elementor-col-50 elementor-inner-column elementor-element elementor-element-b9689cc\" data-id=\"b9689cc\" data-element_type=\"column\" data-e-type=\"column\">\n\t\t\t<div class=\"elementor-widget-wrap elementor-element-populated\">\n\t\t\t\t\t\t<div class=\"elementor-element elementor-element-68383d9 elementor-widget elementor-widget-image\" data-id=\"68383d9\" data-element_type=\"widget\" data-e-type=\"widget\" data-widget_type=\"image.default\">\n\t\t\t\t<div class=\"elementor-widget-container\">\n\t\t\t\t\t\t\t\t\t\t\t\t<figure class=\"wp-caption\">\n\t\t\t\t\t\t\t\t\t\t<img fetchpriority=\"high\" decoding=\"async\" width=\"800\" height=\"425\" src=\"https:\/\/umr-cbgp.fr\/wp-content\/uploads\/2023\/06\/Rectangle-1-1.jpg\" class=\"attachment-large size-large wp-image-1850\" alt=\"\" srcset=\"https:\/\/umr-cbgp.fr\/wp-content\/uploads\/2023\/06\/Rectangle-1-1.jpg 805w, https:\/\/umr-cbgp.fr\/wp-content\/uploads\/2023\/06\/Rectangle-1-1-300x160.jpg 300w, https:\/\/umr-cbgp.fr\/wp-content\/uploads\/2023\/06\/Rectangle-1-1-768x408.jpg 768w\" sizes=\"(max-width: 800px) 100vw, 800px\" \/>\t\t\t\t\t\t\t\t\t\t\t<figcaption class=\"widget-image-caption wp-caption-text\">The CBGP Beehives Club (\u00a9 Jean-Claude Streito)<\/figcaption>\n\t\t\t\t\t\t\t\t\t\t<\/figure>\n\t\t\t\t\t\t\t\t\t<\/div>\n\t\t\t\t<\/div>\n\t\t\t\t<div class=\"elementor-element elementor-element-80af14a animated-slow elementor-invisible elementor-widget elementor-widget-text-editor\" data-id=\"80af14a\" data-element_type=\"widget\" data-e-type=\"widget\" data-settings=\"{&quot;_animation&quot;:&quot;fadeIn&quot;,&quot;_animation_delay&quot;:300}\" data-widget_type=\"text-editor.default\">\n\t\t\t\t<div class=\"elementor-widget-container\">\n\t\t\t\t\t\t\t\t\tWe believe that the credibility of our scientific positions can only be strengthened by our efforts to adopt more environmentally responsible practices.\t\t\t\t\t\t\t\t<\/div>\n\t\t\t\t<\/div>\n\t\t\t\t\t<\/div>\n\t\t<\/div>\n\t\t\t\t\t<\/div>\n\t\t<\/section>\n\t\t\t\t\t<\/div>\n\t\t<\/div>\n\t\t\t\t\t<\/div>\n\t\t<\/section>\n\t\t\t\t<\/div>\n\t\t","protected":false},"excerpt":{"rendered":"","protected":false},"author":5,"featured_media":0,"parent":0,"menu_order":6,"comment_status":"closed","ping_status":"closed","template":"","meta":{"_acf_changed":false,"footnotes":""},"class_list":["post-5963","page","type-page","status-publish","hentry"],"acf":[],"yoast_head":"<!-- This site is optimized with the Yoast SEO plugin v27.1.1 - https:\/\/yoast.com\/product\/yoast-seo-wordpress\/ -->\n<title>CBGP Montpellier - Sustainable development<\/title>\n<meta name=\"description\" content=\"Un collectif D\u00e9veloppement Durable s\u2019est cr\u00e9\u00e9 d\u00e9but 2022 au CBGP, et regroupe une trentaine d\u2019agents.\" \/>\n<meta name=\"robots\" content=\"index, follow, max-snippet:-1, max-image-preview:large, max-video-preview:-1\" \/>\n<link rel=\"canonical\" href=\"https:\/\/umr-cbgp.fr\/en\/sustainable-development\/\" \/>\n<meta property=\"og:locale\" content=\"en_US\" \/>\n<meta property=\"og:type\" content=\"article\" \/>\n<meta property=\"og:title\" content=\"CBGP Montpellier - Sustainable development\" \/>\n<meta property=\"og:description\" content=\"Un collectif D\u00e9veloppement Durable s\u2019est cr\u00e9\u00e9 d\u00e9but 2022 au CBGP, et regroupe une trentaine d\u2019agents.\" \/>\n<meta property=\"og:url\" content=\"https:\/\/umr-cbgp.fr\/en\/sustainable-development\/\" \/>\n<meta property=\"og:site_name\" content=\"cbgp\" \/>\n<meta property=\"article:modified_time\" content=\"2024-10-11T14:54:27+00:00\" \/>\n<meta property=\"og:image\" content=\"https:\/\/umr-cbgp.fr\/wp-content\/uploads\/2023\/04\/bullets.svg\" \/>\n<meta name=\"twitter:card\" content=\"summary_large_image\" \/>\n<meta name=\"twitter:label1\" content=\"Est. reading time\" \/>\n\t<meta name=\"twitter:data1\" content=\"1 minute\" \/>\n<script type=\"application\/ld+json\" class=\"yoast-schema-graph\">{\"@context\":\"https:\/\/schema.org\",\"@graph\":[{\"@type\":\"WebPage\",\"@id\":\"https:\/\/umr-cbgp.fr\/en\/sustainable-development\/\",\"url\":\"https:\/\/umr-cbgp.fr\/en\/sustainable-development\/\",\"name\":\"CBGP Montpellier - Sustainable development\",\"isPartOf\":{\"@id\":\"https:\/\/umr-cbgp.fr\/en\/#website\"},\"primaryImageOfPage\":{\"@id\":\"https:\/\/umr-cbgp.fr\/en\/sustainable-development\/#primaryimage\"},\"image\":{\"@id\":\"https:\/\/umr-cbgp.fr\/en\/sustainable-development\/#primaryimage\"},\"thumbnailUrl\":\"https:\/\/umr-cbgp.fr\/wp-content\/uploads\/2023\/04\/bullets.svg\",\"datePublished\":\"2023-06-08T15:35:30+00:00\",\"dateModified\":\"2024-10-11T14:54:27+00:00\",\"description\":\"Un collectif D\u00e9veloppement Durable s\u2019est cr\u00e9\u00e9 d\u00e9but 2022 au CBGP, et regroupe une trentaine d\u2019agents.\",\"breadcrumb\":{\"@id\":\"https:\/\/umr-cbgp.fr\/en\/sustainable-development\/#breadcrumb\"},\"inLanguage\":\"en-US\",\"potentialAction\":[{\"@type\":\"ReadAction\",\"target\":[\"https:\/\/umr-cbgp.fr\/en\/sustainable-development\/\"]}]},{\"@type\":\"ImageObject\",\"inLanguage\":\"en-US\",\"@id\":\"https:\/\/umr-cbgp.fr\/en\/sustainable-development\/#primaryimage\",\"url\":\"https:\/\/umr-cbgp.fr\/wp-content\/uploads\/2023\/04\/bullets.svg\",\"contentUrl\":\"https:\/\/umr-cbgp.fr\/wp-content\/uploads\/2023\/04\/bullets.svg\"},{\"@type\":\"BreadcrumbList\",\"@id\":\"https:\/\/umr-cbgp.fr\/en\/sustainable-development\/#breadcrumb\",\"itemListElement\":[{\"@type\":\"ListItem\",\"position\":1,\"name\":\"Accueil\",\"item\":\"https:\/\/umr-cbgp.fr\/en\/centre-de-biologie-pour-la-gestion-des-populations\/\"},{\"@type\":\"ListItem\",\"position\":2,\"name\":\"Sustainable development\"}]},{\"@type\":\"WebSite\",\"@id\":\"https:\/\/umr-cbgp.fr\/en\/#website\",\"url\":\"https:\/\/umr-cbgp.fr\/en\/\",\"name\":\"cbgp\",\"description\":\"Centre de Biologie pour la Gestion des Populations\",\"publisher\":{\"@id\":\"https:\/\/umr-cbgp.fr\/en\/#organization\"},\"potentialAction\":[{\"@type\":\"SearchAction\",\"target\":{\"@type\":\"EntryPoint\",\"urlTemplate\":\"https:\/\/umr-cbgp.fr\/en\/?s={search_term_string}\"},\"query-input\":{\"@type\":\"PropertyValueSpecification\",\"valueRequired\":true,\"valueName\":\"search_term_string\"}}],\"inLanguage\":\"en-US\"},{\"@type\":\"Organization\",\"@id\":\"https:\/\/umr-cbgp.fr\/en\/#organization\",\"name\":\"cbgp\",\"url\":\"https:\/\/umr-cbgp.fr\/en\/\",\"logo\":{\"@type\":\"ImageObject\",\"inLanguage\":\"en-US\",\"@id\":\"https:\/\/umr-cbgp.fr\/en\/#\/schema\/logo\/image\/\",\"url\":\"https:\/\/umr-cbgp.fr\/wp-content\/uploads\/2023\/04\/Logo-CBGP-baseline-FR.svg\",\"contentUrl\":\"https:\/\/umr-cbgp.fr\/wp-content\/uploads\/2023\/04\/Logo-CBGP-baseline-FR.svg\",\"width\":320,\"height\":82,\"caption\":\"cbgp\"},\"image\":{\"@id\":\"https:\/\/umr-cbgp.fr\/en\/#\/schema\/logo\/image\/\"}}]}<\/script>\n<!-- \/ Yoast SEO plugin. -->","yoast_head_json":{"title":"CBGP Montpellier - Sustainable development","description":"Un collectif D\u00e9veloppement Durable s\u2019est cr\u00e9\u00e9 d\u00e9but 2022 au CBGP, et regroupe une trentaine d\u2019agents.","robots":{"index":"index","follow":"follow","max-snippet":"max-snippet:-1","max-image-preview":"max-image-preview:large","max-video-preview":"max-video-preview:-1"},"canonical":"https:\/\/umr-cbgp.fr\/en\/sustainable-development\/","og_locale":"en_US","og_type":"article","og_title":"CBGP Montpellier - Sustainable development","og_description":"Un collectif D\u00e9veloppement Durable s\u2019est cr\u00e9\u00e9 d\u00e9but 2022 au CBGP, et regroupe une trentaine d\u2019agents.","og_url":"https:\/\/umr-cbgp.fr\/en\/sustainable-development\/","og_site_name":"cbgp","article_modified_time":"2024-10-11T14:54:27+00:00","og_image":[{"url":"https:\/\/umr-cbgp.fr\/wp-content\/uploads\/2023\/04\/bullets.svg","type":"","width":"","height":""}],"twitter_card":"summary_large_image","twitter_misc":{"Est. reading time":"1 minute"},"schema":{"@context":"https:\/\/schema.org","@graph":[{"@type":"WebPage","@id":"https:\/\/umr-cbgp.fr\/en\/sustainable-development\/","url":"https:\/\/umr-cbgp.fr\/en\/sustainable-development\/","name":"CBGP Montpellier - Sustainable development","isPartOf":{"@id":"https:\/\/umr-cbgp.fr\/en\/#website"},"primaryImageOfPage":{"@id":"https:\/\/umr-cbgp.fr\/en\/sustainable-development\/#primaryimage"},"image":{"@id":"https:\/\/umr-cbgp.fr\/en\/sustainable-development\/#primaryimage"},"thumbnailUrl":"https:\/\/umr-cbgp.fr\/wp-content\/uploads\/2023\/04\/bullets.svg","datePublished":"2023-06-08T15:35:30+00:00","dateModified":"2024-10-11T14:54:27+00:00","description":"Un collectif D\u00e9veloppement Durable s\u2019est cr\u00e9\u00e9 d\u00e9but 2022 au CBGP, et regroupe une trentaine d\u2019agents.","breadcrumb":{"@id":"https:\/\/umr-cbgp.fr\/en\/sustainable-development\/#breadcrumb"},"inLanguage":"en-US","potentialAction":[{"@type":"ReadAction","target":["https:\/\/umr-cbgp.fr\/en\/sustainable-development\/"]}]},{"@type":"ImageObject","inLanguage":"en-US","@id":"https:\/\/umr-cbgp.fr\/en\/sustainable-development\/#primaryimage","url":"https:\/\/umr-cbgp.fr\/wp-content\/uploads\/2023\/04\/bullets.svg","contentUrl":"https:\/\/umr-cbgp.fr\/wp-content\/uploads\/2023\/04\/bullets.svg"},{"@type":"BreadcrumbList","@id":"https:\/\/umr-cbgp.fr\/en\/sustainable-development\/#breadcrumb","itemListElement":[{"@type":"ListItem","position":1,"name":"Accueil","item":"https:\/\/umr-cbgp.fr\/en\/centre-de-biologie-pour-la-gestion-des-populations\/"},{"@type":"ListItem","position":2,"name":"Sustainable development"}]},{"@type":"WebSite","@id":"https:\/\/umr-cbgp.fr\/en\/#website","url":"https:\/\/umr-cbgp.fr\/en\/","name":"cbgp","description":"Centre de Biologie pour la Gestion des Populations","publisher":{"@id":"https:\/\/umr-cbgp.fr\/en\/#organization"},"potentialAction":[{"@type":"SearchAction","target":{"@type":"EntryPoint","urlTemplate":"https:\/\/umr-cbgp.fr\/en\/?s={search_term_string}"},"query-input":{"@type":"PropertyValueSpecification","valueRequired":true,"valueName":"search_term_string"}}],"inLanguage":"en-US"},{"@type":"Organization","@id":"https:\/\/umr-cbgp.fr\/en\/#organization","name":"cbgp","url":"https:\/\/umr-cbgp.fr\/en\/","logo":{"@type":"ImageObject","inLanguage":"en-US","@id":"https:\/\/umr-cbgp.fr\/en\/#\/schema\/logo\/image\/","url":"https:\/\/umr-cbgp.fr\/wp-content\/uploads\/2023\/04\/Logo-CBGP-baseline-FR.svg","contentUrl":"https:\/\/umr-cbgp.fr\/wp-content\/uploads\/2023\/04\/Logo-CBGP-baseline-FR.svg","width":320,"height":82,"caption":"cbgp"},"image":{"@id":"https:\/\/umr-cbgp.fr\/en\/#\/schema\/logo\/image\/"}}]}},"_links":{"self":[{"href":"https:\/\/umr-cbgp.fr\/en\/wp-json\/wp\/v2\/pages\/5963","targetHints":{"allow":["GET"]}}],"collection":[{"href":"https:\/\/umr-cbgp.fr\/en\/wp-json\/wp\/v2\/pages"}],"about":[{"href":"https:\/\/umr-cbgp.fr\/en\/wp-json\/wp\/v2\/types\/page"}],"author":[{"embeddable":true,"href":"https:\/\/umr-cbgp.fr\/en\/wp-json\/wp\/v2\/users\/5"}],"replies":[{"embeddable":true,"href":"https:\/\/umr-cbgp.fr\/en\/wp-json\/wp\/v2\/comments?post=5963"}],"version-history":[{"count":8,"href":"https:\/\/umr-cbgp.fr\/en\/wp-json\/wp\/v2\/pages\/5963\/revisions"}],"predecessor-version":[{"id":5974,"href":"https:\/\/umr-cbgp.fr\/en\/wp-json\/wp\/v2\/pages\/5963\/revisions\/5974"}],"wp:attachment":[{"href":"https:\/\/umr-cbgp.fr\/en\/wp-json\/wp\/v2\/media?parent=5963"}],"curies":[{"name":"wp","href":"https:\/\/api.w.org\/{rel}","templated":true}]}}