{"id":5995,"date":"2023-06-21T12:16:19","date_gmt":"2023-06-21T10:16:19","guid":{"rendered":"https:\/\/umr-cbgp.fr\/formation-enseignement\/"},"modified":"2024-10-11T17:13:20","modified_gmt":"2024-10-11T15:13:20","slug":"training-education","status":"publish","type":"page","link":"https:\/\/umr-cbgp.fr\/en\/training-education\/","title":{"rendered":"Training &#038; education"},"content":{"rendered":"\t\t<div data-elementor-type=\"wp-page\" data-elementor-id=\"5995\" class=\"elementor elementor-5995 elementor-2021\" data-elementor-post-type=\"page\">\n\t\t\t\t\t\t<section class=\"elementor-section elementor-top-section elementor-element elementor-element-8e1c08d elementor-section-boxed elementor-section-height-default elementor-section-height-default\" data-id=\"8e1c08d\" data-element_type=\"section\" data-e-type=\"section\">\n\t\t\t\t\t\t<div class=\"elementor-container elementor-column-gap-default\">\n\t\t\t\t\t<div class=\"elementor-column elementor-col-100 elementor-top-column elementor-element elementor-element-2fca086\" data-id=\"2fca086\" data-element_type=\"column\" data-e-type=\"column\">\n\t\t\t<div class=\"elementor-widget-wrap elementor-element-populated\">\n\t\t\t\t\t\t<section class=\"elementor-section elementor-inner-section elementor-element elementor-element-b9f8863 elementor-section-boxed elementor-section-height-default elementor-section-height-default\" data-id=\"b9f8863\" data-element_type=\"section\" data-e-type=\"section\">\n\t\t\t\t\t\t<div class=\"elementor-container elementor-column-gap-default\">\n\t\t\t\t\t<div class=\"elementor-column elementor-col-100 elementor-inner-column elementor-element elementor-element-cd9344b\" data-id=\"cd9344b\" data-element_type=\"column\" data-e-type=\"column\">\n\t\t\t<div class=\"elementor-widget-wrap elementor-element-populated\">\n\t\t\t\t\t\t<div class=\"elementor-element elementor-element-939ba7c animated-fast elementor-invisible elementor-widget elementor-widget-image\" data-id=\"939ba7c\" data-element_type=\"widget\" data-e-type=\"widget\" data-settings=\"{&quot;_animation&quot;:&quot;fadeInDown&quot;}\" data-widget_type=\"image.default\">\n\t\t\t\t<div class=\"elementor-widget-container\">\n\t\t\t\t\t\t\t\t\t\t\t\t\t\t\t<img decoding=\"async\" width=\"98\" height=\"8\" src=\"https:\/\/umr-cbgp.fr\/wp-content\/uploads\/2023\/04\/bullets.svg\" class=\"attachment-large size-large wp-image-94\" alt=\"\" \/>\t\t\t\t\t\t\t\t\t\t\t\t\t\t\t<\/div>\n\t\t\t\t<\/div>\n\t\t\t\t<div class=\"elementor-element elementor-element-440ab03 elementor-widget elementor-widget-heading\" data-id=\"440ab03\" data-element_type=\"widget\" data-e-type=\"widget\" data-widget_type=\"heading.default\">\n\t\t\t\t<div class=\"elementor-widget-container\">\n\t\t\t\t\t<h1 class=\"elementor-heading-title elementor-size-default\">Training &amp; education<\/h1>\t\t\t\t<\/div>\n\t\t\t\t<\/div>\n\t\t\t\t<div class=\"elementor-element elementor-element-1fc2819 elementor-widget elementor-widget-text-editor\" data-id=\"1fc2819\" data-element_type=\"widget\" data-e-type=\"widget\" data-widget_type=\"text-editor.default\">\n\t\t\t\t<div class=\"elementor-widget-container\">\n\t\t\t\t\t\t\t\t\t<p style=\"text-align: justify\">CBGP staff is involved in higher education at <em>L&#8217;Institut Agro Montpellier<\/em>, the University of Montpellier and various universities in the North and South.<\/p>\n\t\t\t\t\t\t\t\t<\/div>\n\t\t\t\t<\/div>\n\t\t\t\t\t<\/div>\n\t\t<\/div>\n\t\t\t\t\t<\/div>\n\t\t<\/section>\n\t\t\t\t<section class=\"elementor-section elementor-inner-section elementor-element elementor-element-65b0dc7 elementor-section-boxed elementor-section-height-default elementor-section-height-default\" data-id=\"65b0dc7\" data-element_type=\"section\" data-e-type=\"section\">\n\t\t\t\t\t\t<div class=\"elementor-container elementor-column-gap-default\">\n\t\t\t\t\t<div class=\"elementor-column elementor-col-50 elementor-inner-column elementor-element elementor-element-9e54b5c\" data-id=\"9e54b5c\" data-element_type=\"column\" data-e-type=\"column\">\n\t\t\t<div class=\"elementor-widget-wrap elementor-element-populated\">\n\t\t\t\t\t\t<div class=\"elementor-element elementor-element-2c624fa elementor-widget elementor-widget-text-editor\" data-id=\"2c624fa\" data-element_type=\"widget\" data-e-type=\"widget\" data-widget_type=\"text-editor.default\">\n\t\t\t\t<div class=\"elementor-widget-container\">\n\t\t\t\t\t\t\t\t\t<p style=\"text-align: justify\">The research carried out at CBGP underpins a major investment in higher education in agronomy (three research professors and an associate professor at <em>L&#8217;Institut Agro Montpellier<\/em>, in the Biology and Ecology Department), particularly in the fields of plant health and agricultural entomology. Professional training is also provided, through the organisation of training courses and open online courses (MOOC).<\/p>\n<p style=\"text-align: justify\">Many CBGP researchers are involved in various teaching courses at the University of Montpellier, particularly in the \u00ab Evolutionary Biology and Ecology \u00bb (BEE) Master&#8217;s programme. In particular, CBGP is involved in the organisation of the Darwin pathway of the BEE Master&#8217;s degree (Univ. Montpellier): Emmanuelle Jousselin is part of the teaching team as Director of Studies, and participates in the teaching, the M2 juries and the selection of students at M1 and M2 level.<\/p>\n<p style=\"text-align: justify\">CBGP is an active participant in the \u00ab Mobility European Master in Evolution (MEME) \u00bb, run by four European universities (University of Groningen, Netherlands; Ludwig Maximilian University of Munich, Germany; University of Uppsala, Sweden and University of Montpellier, France) and associated with Harvard University (USA) and, from 2019, Lausanne University (Switzerland). The aim of the programme is to offer high-level training in evolutionary biology to students recruited from all over the world.<\/p>\n<p style=\"text-align: justify\">Researchers in area 3 are involved in setting up courses and teaching modules, and organising research schools, particularly on topics related to the ecology of zoonoses and biological invasions, both in the North and in the South: Cheikh Anta Diop University in Dakar and Gaston Berger University in Saint-Louis, Senegal; Abdou Moumouni University in Niamey, Niger; Abomey-Calavi University in Cotonou, Benin.<\/p>\n<p style=\"text-align: justify\">Our ambition for greater involvement in higher education is also based on encouraging the unit&#8217;s researchers to get involved in setting up university module (e.g. on the biology of invasion, or the ecology of zoonoses, in universities in the South), as well as in innovative training initiatives (e.g. setting up MOOCs; supervising tutored projects or \u00ab Junior Research Labs \u00bb, particularly in the courses at the Institut Agro Montpellier; training IDIL students, etc.).<\/p>\n\t\t\t\t\t\t\t\t<\/div>\n\t\t\t\t<\/div>\n\t\t\t\t\t<\/div>\n\t\t<\/div>\n\t\t\t\t<div class=\"elementor-column elementor-col-50 elementor-inner-column elementor-element elementor-element-a0dba9f\" data-id=\"a0dba9f\" data-element_type=\"column\" data-e-type=\"column\">\n\t\t\t<div class=\"elementor-widget-wrap elementor-element-populated\">\n\t\t\t\t\t\t<div class=\"elementor-element elementor-element-cb69075 animated-slow elementor-invisible elementor-widget elementor-widget-text-editor\" data-id=\"cb69075\" data-element_type=\"widget\" data-e-type=\"widget\" data-settings=\"{&quot;_animation&quot;:&quot;fadeIn&quot;,&quot;_animation_delay&quot;:300}\" data-widget_type=\"text-editor.default\">\n\t\t\t\t<div class=\"elementor-widget-container\">\n\t\t\t\t\t\t\t\t\tThe research carried out at CBGP underpins a major investment in higher agricultural education\t\t\t\t\t\t\t\t<\/div>\n\t\t\t\t<\/div>\n\t\t\t\t<div class=\"elementor-element elementor-element-65bee00 elementor-widget elementor-widget-text-editor\" data-id=\"65bee00\" data-element_type=\"widget\" data-e-type=\"widget\" data-widget_type=\"text-editor.default\">\n\t\t\t\t<div class=\"elementor-widget-container\">\n\t\t\t\t\t\t\t\t\t<p><img loading=\"lazy\" decoding=\"async\" class=\"alignnone size-medium wp-image-2022 aligncenter\" src=\"https:\/\/umr-cbgp.fr\/wp-content\/uploads\/2023\/06\/Institut-Agro-Montpellier-CMJN-300x86.jpg\" alt=\"Logo Institut Agro Montpellier\" width=\"300\" height=\"86\" srcset=\"https:\/\/umr-cbgp.fr\/wp-content\/uploads\/2023\/06\/Institut-Agro-Montpellier-CMJN-300x86.jpg 300w, https:\/\/umr-cbgp.fr\/wp-content\/uploads\/2023\/06\/Institut-Agro-Montpellier-CMJN-1024x293.jpg 1024w, https:\/\/umr-cbgp.fr\/wp-content\/uploads\/2023\/06\/Institut-Agro-Montpellier-CMJN-768x220.jpg 768w, https:\/\/umr-cbgp.fr\/wp-content\/uploads\/2023\/06\/Institut-Agro-Montpellier-CMJN-1536x440.jpg 1536w, https:\/\/umr-cbgp.fr\/wp-content\/uploads\/2023\/06\/Institut-Agro-Montpellier-CMJN-2048x587.jpg 2048w\" sizes=\"(max-width: 300px) 100vw, 300px\" \/><\/p>\n<p><img loading=\"lazy\" decoding=\"async\" class=\"alignnone wp-image-63 aligncenter\" src=\"https:\/\/umr-cbgp.fr\/wp-content\/uploads\/2023\/04\/logo_um_2022_filet_noir.png\" alt=\"Logo Universit\u00e9 de Montpellier\" width=\"200\" height=\"73\" \/><\/p>\n\t\t\t\t\t\t\t\t<\/div>\n\t\t\t\t<\/div>\n\t\t\t\t\t<\/div>\n\t\t<\/div>\n\t\t\t\t\t<\/div>\n\t\t<\/section>\n\t\t\t\t\t<\/div>\n\t\t<\/div>\n\t\t\t\t\t<\/div>\n\t\t<\/section>\n\t\t\t\t<\/div>\n\t\t","protected":false},"excerpt":{"rendered":"","protected":false},"author":5,"featured_media":0,"parent":0,"menu_order":14,"comment_status":"closed","ping_status":"closed","template":"","meta":{"_acf_changed":false,"footnotes":""},"class_list":["post-5995","page","type-page","status-publish","hentry"],"acf":[],"yoast_head":"<!-- This site is optimized with the Yoast SEO plugin v27.1.1 - https:\/\/yoast.com\/product\/yoast-seo-wordpress\/ -->\n<title>CBGP Montpellier - Training &amp; education<\/title>\n<meta name=\"description\" content=\"Le CBGP est impliqu\u00e9 dans l\u2019enseignement sup\u00e9rieur \u00e0 l\u2019Institut Agro Montpellier, \u00e0 l\u2019Universit\u00e9 de Montpellier et dans diff\u00e9rentes universit\u00e9s au Nord et au Sud.\" \/>\n<meta name=\"robots\" content=\"index, follow, max-snippet:-1, max-image-preview:large, max-video-preview:-1\" \/>\n<link rel=\"canonical\" href=\"https:\/\/umr-cbgp.fr\/en\/training-education\/\" \/>\n<meta property=\"og:locale\" content=\"en_US\" \/>\n<meta property=\"og:type\" content=\"article\" \/>\n<meta property=\"og:title\" content=\"CBGP Montpellier - Training &amp; education\" \/>\n<meta property=\"og:description\" content=\"Le CBGP est impliqu\u00e9 dans l\u2019enseignement sup\u00e9rieur \u00e0 l\u2019Institut Agro Montpellier, \u00e0 l\u2019Universit\u00e9 de Montpellier et dans diff\u00e9rentes universit\u00e9s au Nord et au Sud.\" \/>\n<meta property=\"og:url\" content=\"https:\/\/umr-cbgp.fr\/en\/training-education\/\" \/>\n<meta property=\"og:site_name\" content=\"cbgp\" \/>\n<meta property=\"article:modified_time\" content=\"2024-10-11T15:13:20+00:00\" \/>\n<meta property=\"og:image\" content=\"https:\/\/umr-cbgp.fr\/wp-content\/uploads\/2023\/04\/bullets.svg\" \/>\n<meta name=\"twitter:card\" content=\"summary_large_image\" \/>\n<meta name=\"twitter:label1\" content=\"Est. reading time\" \/>\n\t<meta name=\"twitter:data1\" content=\"1 minute\" \/>\n<script type=\"application\/ld+json\" class=\"yoast-schema-graph\">{\"@context\":\"https:\/\/schema.org\",\"@graph\":[{\"@type\":\"WebPage\",\"@id\":\"https:\/\/umr-cbgp.fr\/en\/training-education\/\",\"url\":\"https:\/\/umr-cbgp.fr\/en\/training-education\/\",\"name\":\"CBGP Montpellier - Training & education\",\"isPartOf\":{\"@id\":\"https:\/\/umr-cbgp.fr\/en\/#website\"},\"primaryImageOfPage\":{\"@id\":\"https:\/\/umr-cbgp.fr\/en\/training-education\/#primaryimage\"},\"image\":{\"@id\":\"https:\/\/umr-cbgp.fr\/en\/training-education\/#primaryimage\"},\"thumbnailUrl\":\"https:\/\/umr-cbgp.fr\/wp-content\/uploads\/2023\/04\/bullets.svg\",\"datePublished\":\"2023-06-21T10:16:19+00:00\",\"dateModified\":\"2024-10-11T15:13:20+00:00\",\"description\":\"Le CBGP est impliqu\u00e9 dans l\u2019enseignement sup\u00e9rieur \u00e0 l\u2019Institut Agro Montpellier, \u00e0 l\u2019Universit\u00e9 de Montpellier et dans diff\u00e9rentes universit\u00e9s au Nord et au Sud.\",\"breadcrumb\":{\"@id\":\"https:\/\/umr-cbgp.fr\/en\/training-education\/#breadcrumb\"},\"inLanguage\":\"en-US\",\"potentialAction\":[{\"@type\":\"ReadAction\",\"target\":[\"https:\/\/umr-cbgp.fr\/en\/training-education\/\"]}]},{\"@type\":\"ImageObject\",\"inLanguage\":\"en-US\",\"@id\":\"https:\/\/umr-cbgp.fr\/en\/training-education\/#primaryimage\",\"url\":\"https:\/\/umr-cbgp.fr\/wp-content\/uploads\/2023\/04\/bullets.svg\",\"contentUrl\":\"https:\/\/umr-cbgp.fr\/wp-content\/uploads\/2023\/04\/bullets.svg\"},{\"@type\":\"BreadcrumbList\",\"@id\":\"https:\/\/umr-cbgp.fr\/en\/training-education\/#breadcrumb\",\"itemListElement\":[{\"@type\":\"ListItem\",\"position\":1,\"name\":\"Accueil\",\"item\":\"https:\/\/umr-cbgp.fr\/en\/centre-de-biologie-pour-la-gestion-des-populations\/\"},{\"@type\":\"ListItem\",\"position\":2,\"name\":\"Training &#038; education\"}]},{\"@type\":\"WebSite\",\"@id\":\"https:\/\/umr-cbgp.fr\/en\/#website\",\"url\":\"https:\/\/umr-cbgp.fr\/en\/\",\"name\":\"cbgp\",\"description\":\"Centre de Biologie pour la Gestion des Populations\",\"publisher\":{\"@id\":\"https:\/\/umr-cbgp.fr\/en\/#organization\"},\"potentialAction\":[{\"@type\":\"SearchAction\",\"target\":{\"@type\":\"EntryPoint\",\"urlTemplate\":\"https:\/\/umr-cbgp.fr\/en\/?s={search_term_string}\"},\"query-input\":{\"@type\":\"PropertyValueSpecification\",\"valueRequired\":true,\"valueName\":\"search_term_string\"}}],\"inLanguage\":\"en-US\"},{\"@type\":\"Organization\",\"@id\":\"https:\/\/umr-cbgp.fr\/en\/#organization\",\"name\":\"cbgp\",\"url\":\"https:\/\/umr-cbgp.fr\/en\/\",\"logo\":{\"@type\":\"ImageObject\",\"inLanguage\":\"en-US\",\"@id\":\"https:\/\/umr-cbgp.fr\/en\/#\/schema\/logo\/image\/\",\"url\":\"https:\/\/umr-cbgp.fr\/wp-content\/uploads\/2023\/04\/Logo-CBGP-baseline-FR.svg\",\"contentUrl\":\"https:\/\/umr-cbgp.fr\/wp-content\/uploads\/2023\/04\/Logo-CBGP-baseline-FR.svg\",\"width\":320,\"height\":82,\"caption\":\"cbgp\"},\"image\":{\"@id\":\"https:\/\/umr-cbgp.fr\/en\/#\/schema\/logo\/image\/\"}}]}<\/script>\n<!-- \/ Yoast SEO plugin. -->","yoast_head_json":{"title":"CBGP Montpellier - Training & education","description":"Le CBGP est impliqu\u00e9 dans l\u2019enseignement sup\u00e9rieur \u00e0 l\u2019Institut Agro Montpellier, \u00e0 l\u2019Universit\u00e9 de Montpellier et dans diff\u00e9rentes universit\u00e9s au Nord et au Sud.","robots":{"index":"index","follow":"follow","max-snippet":"max-snippet:-1","max-image-preview":"max-image-preview:large","max-video-preview":"max-video-preview:-1"},"canonical":"https:\/\/umr-cbgp.fr\/en\/training-education\/","og_locale":"en_US","og_type":"article","og_title":"CBGP Montpellier - Training & education","og_description":"Le CBGP est impliqu\u00e9 dans l\u2019enseignement sup\u00e9rieur \u00e0 l\u2019Institut Agro Montpellier, \u00e0 l\u2019Universit\u00e9 de Montpellier et dans diff\u00e9rentes universit\u00e9s au Nord et au Sud.","og_url":"https:\/\/umr-cbgp.fr\/en\/training-education\/","og_site_name":"cbgp","article_modified_time":"2024-10-11T15:13:20+00:00","og_image":[{"url":"https:\/\/umr-cbgp.fr\/wp-content\/uploads\/2023\/04\/bullets.svg","type":"","width":"","height":""}],"twitter_card":"summary_large_image","twitter_misc":{"Est. reading time":"1 minute"},"schema":{"@context":"https:\/\/schema.org","@graph":[{"@type":"WebPage","@id":"https:\/\/umr-cbgp.fr\/en\/training-education\/","url":"https:\/\/umr-cbgp.fr\/en\/training-education\/","name":"CBGP Montpellier - Training & education","isPartOf":{"@id":"https:\/\/umr-cbgp.fr\/en\/#website"},"primaryImageOfPage":{"@id":"https:\/\/umr-cbgp.fr\/en\/training-education\/#primaryimage"},"image":{"@id":"https:\/\/umr-cbgp.fr\/en\/training-education\/#primaryimage"},"thumbnailUrl":"https:\/\/umr-cbgp.fr\/wp-content\/uploads\/2023\/04\/bullets.svg","datePublished":"2023-06-21T10:16:19+00:00","dateModified":"2024-10-11T15:13:20+00:00","description":"Le CBGP est impliqu\u00e9 dans l\u2019enseignement sup\u00e9rieur \u00e0 l\u2019Institut Agro Montpellier, \u00e0 l\u2019Universit\u00e9 de Montpellier et dans diff\u00e9rentes universit\u00e9s au Nord et au Sud.","breadcrumb":{"@id":"https:\/\/umr-cbgp.fr\/en\/training-education\/#breadcrumb"},"inLanguage":"en-US","potentialAction":[{"@type":"ReadAction","target":["https:\/\/umr-cbgp.fr\/en\/training-education\/"]}]},{"@type":"ImageObject","inLanguage":"en-US","@id":"https:\/\/umr-cbgp.fr\/en\/training-education\/#primaryimage","url":"https:\/\/umr-cbgp.fr\/wp-content\/uploads\/2023\/04\/bullets.svg","contentUrl":"https:\/\/umr-cbgp.fr\/wp-content\/uploads\/2023\/04\/bullets.svg"},{"@type":"BreadcrumbList","@id":"https:\/\/umr-cbgp.fr\/en\/training-education\/#breadcrumb","itemListElement":[{"@type":"ListItem","position":1,"name":"Accueil","item":"https:\/\/umr-cbgp.fr\/en\/centre-de-biologie-pour-la-gestion-des-populations\/"},{"@type":"ListItem","position":2,"name":"Training &#038; education"}]},{"@type":"WebSite","@id":"https:\/\/umr-cbgp.fr\/en\/#website","url":"https:\/\/umr-cbgp.fr\/en\/","name":"cbgp","description":"Centre de Biologie pour la Gestion des Populations","publisher":{"@id":"https:\/\/umr-cbgp.fr\/en\/#organization"},"potentialAction":[{"@type":"SearchAction","target":{"@type":"EntryPoint","urlTemplate":"https:\/\/umr-cbgp.fr\/en\/?s={search_term_string}"},"query-input":{"@type":"PropertyValueSpecification","valueRequired":true,"valueName":"search_term_string"}}],"inLanguage":"en-US"},{"@type":"Organization","@id":"https:\/\/umr-cbgp.fr\/en\/#organization","name":"cbgp","url":"https:\/\/umr-cbgp.fr\/en\/","logo":{"@type":"ImageObject","inLanguage":"en-US","@id":"https:\/\/umr-cbgp.fr\/en\/#\/schema\/logo\/image\/","url":"https:\/\/umr-cbgp.fr\/wp-content\/uploads\/2023\/04\/Logo-CBGP-baseline-FR.svg","contentUrl":"https:\/\/umr-cbgp.fr\/wp-content\/uploads\/2023\/04\/Logo-CBGP-baseline-FR.svg","width":320,"height":82,"caption":"cbgp"},"image":{"@id":"https:\/\/umr-cbgp.fr\/en\/#\/schema\/logo\/image\/"}}]}},"_links":{"self":[{"href":"https:\/\/umr-cbgp.fr\/en\/wp-json\/wp\/v2\/pages\/5995","targetHints":{"allow":["GET"]}}],"collection":[{"href":"https:\/\/umr-cbgp.fr\/en\/wp-json\/wp\/v2\/pages"}],"about":[{"href":"https:\/\/umr-cbgp.fr\/en\/wp-json\/wp\/v2\/types\/page"}],"author":[{"embeddable":true,"href":"https:\/\/umr-cbgp.fr\/en\/wp-json\/wp\/v2\/users\/5"}],"replies":[{"embeddable":true,"href":"https:\/\/umr-cbgp.fr\/en\/wp-json\/wp\/v2\/comments?post=5995"}],"version-history":[{"count":7,"href":"https:\/\/umr-cbgp.fr\/en\/wp-json\/wp\/v2\/pages\/5995\/revisions"}],"predecessor-version":[{"id":6002,"href":"https:\/\/umr-cbgp.fr\/en\/wp-json\/wp\/v2\/pages\/5995\/revisions\/6002"}],"wp:attachment":[{"href":"https:\/\/umr-cbgp.fr\/en\/wp-json\/wp\/v2\/media?parent=5995"}],"curies":[{"name":"wp","href":"https:\/\/api.w.org\/{rel}","templated":true}]}}